{"id":3212,"date":"2022-11-16T17:14:16","date_gmt":"2022-11-16T16:14:16","guid":{"rendered":"https:\/\/griechischefilmwoche.com\/?page_id=3212"},"modified":"2025-10-18T23:32:36","modified_gmt":"2025-10-18T21:32:36","slug":"gasteighp8","status":"publish","type":"page","link":"https:\/\/griechischefilmwoche.com\/el\/gasteighp8\/","title":{"rendered":"Gasteig HP8"},"content":{"rendered":"<div  class='flex_column av-av_two_fifth-7714eba142aeda1f8b5272a3c372b279 av_two_fifth  avia-builder-el-0  el_before_av_three_fifth  avia-builder-el-first  first flex_column_div  '     ><section  class='av_textblock_section av-lajuomup-f0816e1beea7b08958b59d74e852e0f6 '   itemscope=\"itemscope\" itemtype=\"https:\/\/schema.org\/CreativeWork\" ><div class='avia_textblock'  itemprop=\"text\" ><h1>Gasteig HP8<br \/>\n[Sendling]<\/h1>\n<\/div><\/section><br \/>\n<section  class='av_textblock_section av-lajvd8v2-b8d0bb3ac19e16c8f2925a5531d1ad27 '   itemscope=\"itemscope\" itemtype=\"https:\/\/schema.org\/CreativeWork\" ><div class='avia_textblock'  itemprop=\"text\" ><p>\u0397 \u0395\u03b2\u03b4\u03bf\u03bc\u03ac\u03b4\u03b1 \u0395\u03bb\u03bb\u03b7\u03bd\u03b9\u03ba\u03bf\u03cd \u039a\u03b9\u03bd\u03b7\u03bc\u03b1\u03c4\u03bf\u03b3\u03c1\u03ac\u03c6\u03bf\u03c5 \u03c4\u03bf\u03c5 \u039c\u03bf\u03bd\u03ac\u03c7\u03bf\u03c5 \u03b1\u03bd\u03bf\u03af\u03b3\u03b5\u03b9 \u03b1\u03c5\u03bb\u03b1\u03af\u03b1 \u03c3\u03c4\u03bf <a href=\"https:\/\/griechischefilmwoche.com\/el\/rio-filmpalast\/\"><strong>Rio Filmpalast<\/strong><\/a>. \u039f\u03b9 \u03c5\u03c0\u03cc\u03bb\u03bf\u03b9\u03c0\u03b5\u03c2 \u03c0\u03c1\u03bf\u03b2\u03bf\u03bb\u03ad\u03c2 \u03c4\u03c9\u03bd \u03c4\u03b1\u03b9\u03bd\u03b9\u03ce\u03bd \u03b8\u03b1 \u03c0\u03c1\u03b1\u03b3\u03bc\u03b1\u03c4\u03bf\u03c0\u03bf\u03b9\u03b7\u03b8\u03bf\u03cd\u03bd \u03c3\u03c4\u03bf <a href=\"https:\/\/griechischefilmwoche.com\/el\/theatiner-filmtheater-wichtige-informationen\/\"><strong>Theatiner (Filmkunst) <\/strong><\/a>\u03ba\u03b1\u03b9 \u03c3\u03c4\u03bf \u03b3\u03bd\u03ce\u03c1\u03b9\u03bc\u03bf \u03c0\u03b9\u03b1 <strong><a href=\"https:\/\/griechischefilmwoche.com\/el\/gasteighp8\/\">Gasteig HP8<\/a><\/strong>. <strong>\u03a0\u03c1\u03cc\u03ba\u03b5\u03b9\u03c4\u03b1\u03b9 \u03b3\u03b9\u03b1 \u03c4\u03bf \u03bd\u03ad\u03bf \u03c0\u03bf\u03bb\u03b9\u03c4\u03b9\u03c3\u03c4\u03b9\u03ba\u03cc \u03ba\u03c4\u03ae\u03c1\u03b9\u03bf Gasteig HP8. \u0394\u0395\u039d \u0392\u03a1\u0399\u03a3\u039a\u0395\u03a4\u0391\u0399 \u03c3\u03c4\u03bf Gasteig \u03b5\u03c0\u03af \u03c4\u03b7\u03c2 \u03bf\u03b4\u03bf\u03cd Rosenheimer. \u0391\u03bb\u03bb\u03ac \u03ad\u03c7\u03b5\u03b9 \u03bc\u03b5\u03c4\u03b1\u03c6\u03b5\u03c1\u03b8\u03b5\u03af \u03c3\u03c4\u03b7\u03bd \u03c0\u03b5\u03c1\u03b9\u03bf\u03c7\u03ae Sendling!\u00a0<\/strong><\/p>\n<p>\u03a4\u03bf Gasteig HP8 <strong>\u03b2\u03c1\u03af\u03c3\u03ba\u03b5\u03c4\u03b1\u03b9 \u03c0\u03b5\u03c1\u03af\u03c0\u03bf\u03c5 \u03c0\u03ad\u03bd\u03c4\u03b5 \u03c7\u03b9\u03bb\u03b9\u03cc\u03bc\u03b5\u03c4\u03c1\u03b1<\/strong> \u03b1\u03c0\u03cc \u03c4\u03bf \u03c0\u03b1\u03bb\u03b1\u03b9\u03cc \u03ba\u03c4\u03ae\u03c1\u03b9\u03bf \u03c4\u03bf\u03c5 Gasteig \u03c3\u03c4\u03bf Haidhausen. \u0395\u03ba\u03c4\u03cc\u03c2 \u03b1\u03c0\u03cc \u03c4\u03b7\u03bd \u0395\u03b2\u03b4\u03bf\u03bc\u03ac\u03b4\u03b1 \u0395\u03bb\u03bb\u03b7\u03bd\u03b9\u03ba\u03bf\u03cd \u039a\u03b9\u03bd\u03b7\u03bc\u03b1\u03c4\u03bf\u03b3\u03c1\u03ac\u03c6\u03bf\u03c5, \u03c3\u03c4\u03bf \u03c5\u03c0\u03b5\u03c1\u03c3\u03cd\u03b3\u03c7\u03c1\u03bf\u03bd\u03bf \u03ba\u03c4\u03ae\u03c1\u03b9\u03bf \u03c4\u03bf\u03c5 Gasteig HP8 \u03b2\u03c1\u03ae\u03ba\u03b5 \u03bd\u03ad\u03b1 \u03c3\u03c4\u03ad\u03b3\u03b7 \u03b7 \u03b4\u03b7\u03bc\u03bf\u03c4\u03b9\u03ba\u03ae \u03b2\u03b9\u03b2\u03bb\u03b9\u03bf\u03b8\u03ae\u03ba\u03b7 \u03c4\u03b7\u03c2 \u03c0\u03cc\u03bb\u03b7\u03c2 \u03ba\u03b1\u03b9 \u03c4\u03b7 \u03a6\u03b9\u03bb\u03b1\u03c1\u03bc\u03bf\u03bd\u03b9\u03ba\u03ae \u03c4\u03bf\u03c5 \u03c0\u03bf\u03c4\u03b1\u03bc\u03bf\u03cd Isar.<\/p>\n<p>\u03a4\u03bf\u00a0\u00a0<strong>Gasteig<\/strong> <strong>HP<\/strong><strong>8<\/strong> \u03c0\u03ae\u03c1\u03b5 \u03c4\u03bf \u03cc\u03bd\u03bf\u03bc\u03ac \u03c4\u03bf\u03c5 \u03ba\u03b1\u03c4\u03cc\u03c0\u03b9\u03bd \u03b4\u03b9\u03b1\u03b3\u03c9\u03bd\u03b9\u03c3\u03bc\u03bf\u03cd \u03b1\u03c0\u03cc \u03c4\u03b7 \u03b4\u03b9\u03b5\u03cd\u03b8\u03c5\u03bd\u03c3\u03ae \u03c4\u03bf\u03c5. \u03a4\u03bf \u03ba\u03c4\u03ae\u03c1\u03b9\u03bf \u03b2\u03c1\u03af\u03c3\u03ba\u03b5\u03c4\u03b1\u03b9 \u03b5\u03c0\u03af \u03c4\u03b7\u03c2 \u03bf\u03b4\u03bf\u03cd Hans Prei\u00dfinger 8.<\/p>\n<\/div><\/section><\/p><\/div><div  class='flex_column av-av_three_fifth-f1c518e9ff58e869f80c8f093487abc9 av_three_fifth  avia-builder-el-3  el_after_av_two_fifth  el_before_av_hr  flex_column_div  '     ><section  class='av_textblock_section av-lajvdkvv-98617bfbcf6fc365f52351385394fe2e '   itemscope=\"itemscope\" itemtype=\"https:\/\/schema.org\/CreativeWork\" ><div class='avia_textblock'  itemprop=\"text\" ><h3><strong>\u039c\u03c0\u03bf\u03c1\u03b5\u03af\u03c4\u03b5 \u03bd\u03b1 \u03c6\u03c4\u03ac\u03c3\u03b5\u03c4\u03b5 \u03c3\u03c4\u03bf Gasteig HP8 \u03bc\u03b5 \u03c4\u03b1 \u03bc\u03ad\u03c3\u03b1 \u03bc\u03b1\u03b6\u03b9\u03ba\u03ae\u03c2 \u03bc\u03b5\u03c4\u03b1\u03c6\u03bf\u03c1\u03ac\u03c2 <\/strong><\/h3>\n<ul>\n<li><strong>\u039c\u03b5 \u03c4\u03b7\u03bd \u03b3\u03c1\u03b1\u03bc\u03bc\u03ae \u03c4\u03bf\u03c5 \u03bc\u03b5\u03c4\u03c1\u03cc U3 \u03ad\u03c9\u03c2 \u03c4\u03b7\u03bd \u03c3\u03c4\u03ac\u03c3\u03b7 Bruderm\u00fchlstra\u00dfe. <\/strong>\u03a4\u03bf \u03b4\u03c1\u03bf\u03bc\u03bf\u03bb\u03cc\u03b3\u03b9\u03bf \u03b1\u03c0\u03cc \u03c4\u03b7\u03bd \u03c0\u03bb\u03b1\u03c4\u03b5\u03af\u03b1 Marienplatz \u03b4\u03b9\u03b1\u03c1\u03ba\u03b5\u03af \u03c0\u03b5\u03c1\u03af\u03c0\u03bf\u03c5 7 \u03bb\u03b5\u03c0\u03c4\u03ac \u03ba\u03b1\u03b9 \u03bb\u03cc\u03b3\u03c9 \u03c4\u03c9\u03bd \u03b5\u03c1\u03b3\u03b1\u03c3\u03b9\u03ce\u03bd 22 \u03bb\u03b5\u03c0\u03c4\u03ac. \u0391\u03c0\u03cc \u03c4\u03b7\u03bd \u03c3\u03c4\u03ac\u03c3\u03b7 Bruderm\u00fchlstra\u00dfe \u03ba\u03b1\u03c4\u03b5\u03c5\u03b8\u03cd\u03bd\u03b5\u03c3\u03c4\u03b5 \u03c0\u03c1\u03bf\u03c2 \u03c4\u03bf\u03bd \u03c0\u03bf\u03c4\u03b1\u03bc\u03cc Isar \u03ba\u03b1\u03b9 \u03c3\u03b5 \u03c0\u03ad\u03bd\u03c4\u03b5 \u03bb\u03b5\u03c0\u03c4\u03ac (\u03ae 350 \u03bc\u03ad\u03c4\u03c1\u03b1) \u03c6\u03c4\u03ac\u03bd\u03b5\u03c4\u03b5 \u03c3\u03c4\u03bf \u03ba\u03c4\u03ae\u03c1\u03b9\u03bf \u03c4\u03bf\u03c5 Gasteig HP8. \u039c\u03c0\u03bf\u03c1\u03b5\u03af\u03c4\u03b5 \u03bd\u03b1 \u03c0\u03ac\u03c1\u03b5\u03c4\u03b5 \u03ba\u03b1\u03b9 \u03c4\u03bf \u03bb\u03b5\u03c9\u03c6\u03bf\u03c1\u03b5\u03af\u03bf <strong>54 \u03ae X30<\/strong>\u03ba\u03b1\u03b9 \u03bd\u03b1 \u03ba\u03b1\u03c4\u03b5\u03b2\u03b5\u03af\u03c4\u03b5 \u03c3\u03c4\u03b7\u03bd \u03c3\u03c4\u03ac\u03c3\u03b7 \u00abSch\u00e4ftlarnstra\u00dfe\/Gasteig HP8\u00bb.<\/li>\n<li><strong>\u039c\u03b5 \u03c4\u03b7\u03bd \u03b3\u03c1\u03b1\u03bc\u03bc\u03ae U1 \u03ad\u03c9\u03c2 \u03c4\u03b7\u03bd \u03c3\u03c4\u03ac\u03c3\u03b7 Candidplatz.<\/strong><br \/>\n\u0391\u03c0\u03cc \u03c4\u03bf\u03bd \u03c3\u03c4\u03b1\u03b8\u03bc\u03cc \u03c4\u03bf\u03c5 \u039c\u03bf\u03bd\u03ac\u03c7\u03bf\u03c5 \u03b7 \u03b4\u03b9\u03b1\u03b4\u03c1\u03bf\u03bc\u03ae \u03b4\u03b9\u03b1\u03c1\u03ba\u03b5\u03af 6 \u03bb\u03b5\u03c0\u03c4\u03ac. \u0391\u03c0\u03cc \u03c4\u03b7\u03bd \u03c3\u03c4\u03ac\u03c3\u03b7 Candidplatz \u03bc\u03c0\u03bf\u03c1\u03b5\u03af\u03c4\u03b5 \u03bd\u03b1 \u03b5\u03c0\u03b9\u03b2\u03b1\u03c3\u03c4\u03b5\u03af\u03c4\u03b5 \u03c3\u03c4\u03b7\u03bd \u03b3\u03c1\u03b1\u03bc\u03bc\u03ae \u03c4\u03c9\u03bd \u03bb\u03b5\u03c9\u03c6\u03bf\u03c1\u03b5\u03af\u03c9\u03bd\u00a0<strong>54 \u03ae X30<\/strong>\u03ba\u03b1\u03b9 \u03bd\u03b1 \u03b1\u03c0\u03bf\u03b2\u03b9\u03b2\u03b1\u03c3\u03c4\u03b5\u03af\u03c4\u03b5 \u03c3\u03c4\u03b7\u03bd \u03c3\u03c4\u03ac\u03c3\u03b7 \u00abSch\u00e4ftlarnstra\u00dfe Gasteig HP8\u00bb.<\/li>\n<\/ul>\n<h3><strong>\u039c\u03c0\u03bf\u03c1\u03b5\u03af\u03c4\u03b5 \u03bd\u03b1 \u03c6\u03c4\u03ac\u03c3\u03b5\u03c4\u03b5 \u03c3\u03c4\u03bf Gasteig HP8 \u03bc\u03b5 \u03c4\u03b1 \u03c0\u03cc\u03b4\u03b9\u03b1 \u03ae \u03bc\u03b5 \u03c0\u03bf\u03b4\u03ae\u03bb\u03b1\u03c4\u03bf<\/strong><\/h3>\n<ul>\n<li>\u039c\u03c0\u03bf\u03c1\u03b5\u03af\u03c4\u03b5 \u03b5\u03c0\u03af\u03c3\u03b7\u03c2 \u03bd\u03b1 \u03ad\u03c1\u03b8\u03b5\u03c4\u03b5 \u03c3\u03c4\u03b7\u03bd \u0395\u03b2\u03b4\u03bf\u03bc\u03ac\u03b4\u03b1 \u0395\u03bb\u03bb\u03b7\u03bd\u03b9\u03ba\u03bf\u03cd \u039a\u03b9\u03bd\u03b7\u03bc\u03b1\u03c4\u03bf\u03b3\u03c1\u03ac\u03c6\u03bf\u03c5 \u03bc\u03b5 \u03c4\u03bf \u03c0\u03bf\u03b4\u03ae\u03bb\u03b1\u03c4\u03bf.\u00a0\u039f\u03b4\u03b7\u03b3\u03b5\u03af\u03c4\u03b5 \u03ba\u03b1\u03c4\u03ac \u03bc\u03ae\u03ba\u03bf\u03c2 \u03c4\u03bf\u03c5 Isar \u03ba\u03b1\u03b9 \u03bc\u03cc\u03bb\u03b9\u03c2 \u03c6\u03c4\u03ac\u03c3\u03b5\u03c4\u03b5 \u03c3\u03c4\u03bf \u03cd\u03c8\u03bf\u03c2 \u03c4\u03b7\u03c2 \u03b3\u03ad\u03c6\u03c5\u03c1\u03b1\u03c2 Br\u00fcderm\u00fchlstra\u00dfe, \u03b8\u03b1 \u03b4\u03b5\u03af\u03c4\u03b5 \u03bc\u03c0\u03c1\u03bf\u03c3\u03c4\u03ac \u03c3\u03b1\u03c2 \u03c4\u03b9\u03c2 \u03b4\u03cd\u03bf \u03ba\u03b1\u03bc\u03b9\u03bd\u03ac\u03b4\u03b5\u03c2 \u03c4\u03bf\u03c5 \u03bd\u03cc\u03c4\u03b9\u03bf\u03c5 \u03b8\u03b5\u03c1\u03bc\u03bf\u03b7\u03bb\u03b5\u03ba\u03c4\u03c1\u03b9\u03ba\u03bf\u03cd \u03c3\u03c4\u03b1\u03b8\u03bc\u03bf\u03cd.\u00a0\u0391\u03ba\u03c1\u03b9\u03b2\u03ce\u03c2 \u03b1\u03c0\u03ad\u03bd\u03b1\u03bd\u03c4\u03b9 \u03b2\u03c1\u03af\u03c3\u03ba\u03b5\u03c4\u03b1\u03b9 \u03c4\u03bf Gasteig HP8.<\/li>\n<li>\u0395\u03ba\u03b5\u03af \u03b8\u03b1 \u03b2\u03c1\u03b5\u03af\u03c4\u03b5 200 \u03b8\u03ad\u03c3\u03b5\u03b9\u03c2 \u03c3\u03c4\u03ac\u03b8\u03bc\u03b5\u03c5\u03c3\u03b7\u03c2 \u03b3\u03b9\u03b1 \u03c0\u03bf\u03b4\u03ae\u03bb\u03b1\u03c4\u03b1 \u03bc\u03c0\u03c1\u03bf\u03c3\u03c4\u03ac \u03b1\u03c0\u03cc \u03c4\u03bf \u03ba\u03c4\u03ae\u03c1\u03b9\u03bf \u03ba\u03b1\u03b9 \u03c4\u03b7\u03bd \u03ba\u03b5\u03bd\u03c4\u03c1\u03b9\u03ba\u03ae \u03b5\u03af\u03c3\u03bf\u03b4\u03bf.\u00a0\u03a3\u03b5 \u03c0\u03b5\u03c1\u03af\u03c0\u03c4\u03c9\u03c3\u03b7 \u03c0\u03bf\u03c5 \u03ad\u03c7\u03b5\u03c4\u03b5 \u03b7\u03bb\u03b5\u03ba\u03c4\u03c1\u03b9\u03ba\u03cc \u03c0\u03bf\u03b4\u03ae\u03bb\u03b1\u03c4\u03bf, \u03bc\u03c0\u03bf\u03c1\u03b5\u03af\u03c4\u03b5 \u03bd\u03b1 \u03b2\u03c1\u03b5\u03af\u03c4\u03b5 \u03c1\u03b5\u03cd\u03bc\u03b1 \u03c3\u03c4\u03bf\u03c5\u03c2 \u03b5\u03b9\u03b4\u03b9\u03ba\u03bf\u03cd\u03c2 \u03c7\u03ce\u03c1\u03bf\u03c5\u03c2 \u03c3\u03c4\u03ac\u03b8\u03bc\u03b5\u03c5\u03c3\u03b7\u03c2 \u03bc\u03c0\u03c1\u03bf\u03c3\u03c4\u03ac \u03b1\u03c0\u03cc \u03c4\u03bf \u03b5\u03c3\u03c4\u03b9\u03b1\u03c4\u03cc\u03c1\u03b9\u03bf \u0393\u0391\u0399\u0391.<\/li>\n<\/ul>\n<h3><strong>\u0391\u03bd \u03ad\u03c1\u03b8\u03b5\u03c4\u03b5 \u03bc\u03b5 \u03b1\u03c5\u03c4\u03bf\u03ba\u03af\u03bd\u03b7\u03c4\u03bf, \u03b2\u03c1\u03b5\u03af\u03c4\u03b5 \u03b5\u03cd\u03ba\u03bf\u03bb\u03b1 \u03c0\u03ac\u03c1\u03ba\u03b9\u03bd\u03b3\u03ba<\/strong><\/h3>\n<p><strong>\u03a6\u03b8\u03b7\u03bd\u03cc \u03c0\u03ac\u03c1\u03ba\u03b9\u03bd\u03b3\u03ba\u00a0<\/strong><\/p>\n<p>\u039c\u03c0\u03bf\u03c1\u03b5\u03af\u03c4\u03b5 \u03b5\u03af\u03c4\u03b5 \u03bd\u03b1 \u03c3\u03c4\u03b1\u03b8\u03bc\u03b5\u03cd\u03c3\u03b5\u03c4\u03b5 \u03c4\u03bf \u03b1\u03c5\u03c4\u03bf\u03ba\u03af\u03bd\u03b7\u03c4\u03bf \u03c3\u03b1\u03c2 \u03b5\u03c0\u03af \u03c4\u03b7\u03c2 \u03bf\u03b4\u03bf\u03cd Sch\u00e4ftlarnstra\u00dfe. \u03a4\u03bf \u03ba\u03cc\u03c3\u03c4\u03bf\u03c2 \u03b5\u03af\u03bd\u03b1\u03b9 \u03c0\u03b5\u03c1\u03af\u03c0\u03bf\u03c5 2 \u0395\u03c5\u03c1\u03ce \u03c4\u03b7\u03bd \u03ce\u03c1\u03b1. \u039c\u03b5\u03c4\u03ac \u03c4\u03bf \u03cd\u03c8\u03bf\u03c2 \u03c4\u03b7\u03c2 \u03b3\u03c9\u03bd\u03af\u03b1\u03c2 Dietramszeller Stra\u00dfe \u03c4\u03bf \u03c0\u03ac\u03c1\u03ba\u03b9\u03b3\u03ba \u03c3\u03c4\u03b7\u03bd Sch\u00e4ftlarnstra\u00dfe \u03b5\u03af\u03bd\u03b1\u03b9 \u03b4\u03c9\u03c1\u03b5\u03ac\u03bd \u03bc\u03b5 \u03b5\u03bd\u03b5\u03c1\u03b3\u03cc \u03c0\u03b1\u03c1\u03ba\u03cc\u03bc\u03b5\u03c4\u03c1\u03bf \u03b3\u03b9\u03b1 \u03c4\u03ad\u03c3\u03c3\u03b5\u03c1\u03b9\u03c2 \u03c0\u03b5\u03c1\u03af\u03c0\u03bf\u03c5 \u03ce\u03c1\u03b5\u03c2. \u03a0\u03b1\u03c1\u03b1\u03ba\u03b1\u03bb\u03bf\u03cd\u03bc\u03b5 \u03c0\u03c1\u03bf\u03c3\u03ad\u03be\u03c4\u03b5 \u03c4\u03b1 \u03c3\u03ae\u03bc\u03b1\u03c4\u03b1 \u03ba\u03c5\u03ba\u03bb\u03bf\u03c6\u03bf\u03c1\u03af\u03b1\u03c2, \u03c4\u03b9\u03c2 \u03b5\u03b9\u03b4\u03b9\u03ba\u03ad\u03c2 \u03bb\u03c9\u03c1\u03af\u03b4\u03b5\u03c2 \u03c0\u03ac\u03c1\u03ba\u03b9\u03bd\u03b3\u03ba \u03ba\u03b1\u03b9 \u03c0\u03b9\u03b8\u03b1\u03bd\u03ad\u03c2 \u03c5\u03c0\u03bf\u03c7\u03c1\u03b5\u03ce\u03c3\u03b5\u03b9\u03c2 \u03ae \u03b1\u03bb\u03bb\u03b1\u03b3\u03ad\u03c2 \u03c3\u03c7\u03b5\u03c4\u03b9\u03ba\u03ac \u03bc\u03b5 \u03c4\u03bf \u03c0\u03b1\u03c1\u03ba\u03cc\u03bc\u03b5\u03c4\u03c1\u03bf.<\/p>\n<p><strong>\u03a0\u03ac\u03c1\u03b3\u03ba\u03b9\u03bd\u03b3\u03ba \u03bc\u03b5 \u03c7\u03c1\u03ad\u03c9\u03c3\u03b7 \u03c3\u03c4\u03b7\u03bd Blumengro\u00dfmarkt<\/strong><\/p>\n<p>\u038c\u03c3\u03bf \u03c4\u03c1\u03ad\u03c7\u03b5\u03b9 \u03b7 \u0395\u03b2\u03b4\u03bf\u03bc\u03ac\u03b4\u03b1 \u0395\u03bb\u03bb\u03b7\u03bd\u03b9\u03ba\u03bf\u03cd \u039a\u03b9\u03bd\u03b7\u03bc\u03b1\u03c4\u03bf\u03b3\u03c1\u03ac\u03c6\u03bf\u03c5 \u03b4\u03b9\u03b5\u03be\u03ac\u03b3\u03bf\u03bd\u03c4\u03b1\u03b9 \u03c0\u03b1\u03c1\u03ac\u03bb\u03bb\u03b7\u03bb\u03b1 \u03c3\u03c5\u03bd\u03b1\u03c5\u03bb\u03af\u03b5\u03c2 \u03ba\u03b1\u03b9 \u03b5\u03ba\u03b4\u03b7\u03bb\u03ce\u03c3\u03b5\u03b9\u03c2 \u03c3\u03c4\u03bf\u03c5\u03c2 \u03c7\u03ce\u03c1\u03bf\u03c5\u03c2 \u03c4\u03b7\u03c2 \u03a6\u03b9\u03bb\u03b1\u03c1\u03bc\u03bf\u03bd\u03b9\u03ba\u03ae\u03c2. \u0398\u03b1 \u03b2\u03c1\u03b5\u03af\u03c4\u03b5 \u03c0\u03b5\u03c1\u03af\u03c0\u03bf\u03c5 200 \u03b8\u03ad\u03c3\u03b5\u03b9\u03c2 \u03c3\u03c4\u03ac\u03b8\u03bc\u03b5\u03c5\u03c3\u03b7\u03c2 \u03c3\u03c4\u03b7 \u03b4\u03b9\u03ac\u03b8\u03b5\u03c3\u03ae \u03c3\u03b1\u03c2 \u03ba\u03b1\u03b8\u03b7\u03bc\u03b5\u03c1\u03b9\u03bd\u03ac \u03c3\u03c4\u03bf Parkhaus am Blumengro\u00dfmarkt (\u03c3\u03c4\u03bf \u03cd\u03c8\u03bf\u03c2 \u03c4\u03bf\u03c5 \u03ba\u03b1\u03c4\u03b1\u03c3\u03c4\u03ae\u03bc\u03b1\u03c4\u03bf\u03c2 \u03a0\u0391\u03a0\u0391\u0396\u03a9\u03a6). \u03a4\u03bf \u03ba\u03cc\u03c3\u03c4\u03bf\u03c2 \u03b3\u03b9\u03b1 \u03c4\u03bf \u03c0\u03ac\u03c1\u03ba\u03b9\u03bd\u03b3\u03ba \u03b1\u03c0\u03cc \u03c4\u03b7\u03bd \u03b5\u03af\u03c3\u03bf\u03b4\u03bf \u03b5\u03af\u03bd\u03b1\u03b9 10,00 \u0395\u03c5\u03c1\u03ce \u03b3\u03b9\u03b1 \u03c4\u03ad\u03c3\u03c3\u03b5\u03c1\u03b9\u03c2 \u03ce\u03c1\u03b5\u03c2, \u03b5\u03bd\u03ce \u03b3\u03b9\u03b1 \u03ba\u03ac\u03b8\u03b5 \u03b5\u03c0\u03b9\u03c0\u03bb\u03ad\u03bf\u03bd \u03ce\u03c1\u03b1 \u03b7 \u03c7\u03c1\u03ad\u03c9\u03c3\u03b7 \u03b5\u03af\u03bd\u03b1\u03b9 3,50 \u0395\u03c5\u03c1\u03ce.<\/p>\n<p>\u03a0\u03c1\u03bf\u03c3\u03bf\u03c7\u03ae! \u0393\u03b9\u03b1 \u03bd\u03b1 \u03c6\u03c4\u03ac\u03c3\u03b5\u03c4\u03b5 \u03c3\u03c4\u03bf \u03c0\u03ac\u03c1\u03ba\u03b9\u03bd\u03b3\u03ba \u03c3\u03c4\u03b7\u03bd Blumengro\u00dfmarkt \u03b8\u03b1 \u03c7\u03c1\u03b5\u03b9\u03b1\u03c3\u03c4\u03b5\u03af \u03bd\u03b1 \u03b5\u03c0\u03b9\u03b2\u03b1\u03c3\u03c4\u03b5\u03af\u03c4\u03b5 \u03c3\u03c4\u03b1 \u03b5\u03b9\u03b4\u03b9\u03ba\u03ac \u03bb\u03b5\u03c9\u03c6\u03bf\u03c1\u03b5\u03af\u03b1 \u03c4\u03bf\u03c5 Gasteig HP8.<\/p>\n<\/div><\/section><\/div><\/p>\n<div  class='hr av-av_hr-91d7ccd583a503147498e120fee2ff9b hr-default  avia-builder-el-5  el_after_av_three_fifth  el_before_av_one_full '><span class='hr-inner '><span class=\"hr-inner-style\"><\/span><\/span><\/div>\n<div  class='flex_column av-av_one_full-7714eba142aeda1f8b5272a3c372b279 av_one_full  avia-builder-el-6  el_after_av_hr  el_before_av_hr  first flex_column_div  '     ><style type=\"text\/css\" data-created_by=\"avia_inline_auto\" id=\"style-css-av-lajvzp6y-eff3a34bdb259fa1181efb3a167d6b16\">\n.avia-image-container.av-lajvzp6y-eff3a34bdb259fa1181efb3a167d6b16 img.avia_image{\nbox-shadow:none;\n}\n.avia-image-container.av-lajvzp6y-eff3a34bdb259fa1181efb3a167d6b16 .av-image-caption-overlay-center{\ncolor:#ffffff;\n}\n<\/style>\n<div  class='avia-image-container av-lajvzp6y-eff3a34bdb259fa1181efb3a167d6b16 av-styling- avia-align-center  avia-builder-el-7  avia-builder-el-no-sibling '   itemprop=\"image\" itemscope=\"itemscope\" itemtype=\"https:\/\/schema.org\/ImageObject\" ><div class=\"avia-image-container-inner\"><div class=\"avia-image-overlay-wrap\"><img decoding=\"async\" fetchpriority=\"high\" class='wp-image-3220 avia-img-lazy-loading-not-3220 avia_image ' src=\"https:\/\/griechischefilmwoche.com\/wp-content\/uploads\/2022\/11\/GasteigHP_Location.jpg\" alt='' title='GasteigHP_Location'  height=\"1162\" width=\"2196\"  itemprop=\"thumbnailUrl\" srcset=\"https:\/\/griechischefilmwoche.com\/wp-content\/uploads\/2022\/11\/GasteigHP_Location.jpg 2196w, https:\/\/griechischefilmwoche.com\/wp-content\/uploads\/2022\/11\/GasteigHP_Location-300x159.jpg 300w, https:\/\/griechischefilmwoche.com\/wp-content\/uploads\/2022\/11\/GasteigHP_Location-1030x545.jpg 1030w, https:\/\/griechischefilmwoche.com\/wp-content\/uploads\/2022\/11\/GasteigHP_Location-768x406.jpg 768w, https:\/\/griechischefilmwoche.com\/wp-content\/uploads\/2022\/11\/GasteigHP_Location-1536x813.jpg 1536w, https:\/\/griechischefilmwoche.com\/wp-content\/uploads\/2022\/11\/GasteigHP_Location-2048x1084.jpg 2048w, https:\/\/griechischefilmwoche.com\/wp-content\/uploads\/2022\/11\/GasteigHP_Location-782x414.jpg 782w, https:\/\/griechischefilmwoche.com\/wp-content\/uploads\/2022\/11\/GasteigHP_Location-201x106.jpg 201w, https:\/\/griechischefilmwoche.com\/wp-content\/uploads\/2022\/11\/GasteigHP_Location-1500x794.jpg 1500w, https:\/\/griechischefilmwoche.com\/wp-content\/uploads\/2022\/11\/GasteigHP_Location-710x375.jpg 710w, https:\/\/griechischefilmwoche.com\/wp-content\/uploads\/2022\/11\/GasteigHP_Location-705x373.jpg 705w\" sizes=\"(max-width: 2196px) 100vw, 2196px\" \/><\/div><\/div><\/div><\/div>\n<div  class='hr av-av_hr-91d7ccd583a503147498e120fee2ff9b hr-default  avia-builder-el-8  el_after_av_one_full  avia-builder-el-last '><span class='hr-inner '><span class=\"hr-inner-style\"><\/span><\/span><\/div>\n","protected":false},"excerpt":{"rendered":"","protected":false},"author":4,"featured_media":3121,"parent":0,"menu_order":0,"comment_status":"closed","ping_status":"closed","template":"","meta":{"footnotes":""},"class_list":["post-3212","page","type-page","status-publish","has-post-thumbnail","hentry"],"yoast_head":"<!-- This site is optimized with the Yoast SEO plugin v27.3 - https:\/\/yoast.com\/product\/yoast-seo-wordpress\/ -->\n<title>Gasteig HP8 - Griechische Filmwoche<\/title>\n<meta name=\"robots\" content=\"index, follow, max-snippet:-1, max-image-preview:large, max-video-preview:-1\" \/>\n<link rel=\"canonical\" href=\"https:\/\/griechischefilmwoche.com\/el\/gasteighp8\/\" \/>\n<meta property=\"og:locale\" content=\"el_GR\" \/>\n<meta property=\"og:type\" content=\"article\" \/>\n<meta property=\"og:title\" content=\"Gasteig HP8 - Griechische Filmwoche\" \/>\n<meta property=\"og:url\" content=\"https:\/\/griechischefilmwoche.com\/el\/gasteighp8\/\" \/>\n<meta property=\"og:site_name\" content=\"Griechische Filmwoche\" \/>\n<meta property=\"article:modified_time\" content=\"2025-10-18T21:32:36+00:00\" \/>\n<meta property=\"og:image\" content=\"https:\/\/griechischefilmwoche.com\/wp-content\/uploads\/2022\/10\/video_telos.jpg\" \/>\n\t<meta property=\"og:image:width\" content=\"500\" \/>\n\t<meta property=\"og:image:height\" content=\"500\" \/>\n\t<meta property=\"og:image:type\" content=\"image\/jpeg\" \/>\n<meta name=\"twitter:card\" content=\"summary_large_image\" \/>\n<meta name=\"twitter:label1\" content=\"\u0395\u03ba\u03c4\u03b9\u03bc\u03ce\u03bc\u03b5\u03bd\u03bf\u03c2 \u03c7\u03c1\u03cc\u03bd\u03bf\u03c2 \u03b1\u03bd\u03ac\u03b3\u03bd\u03c9\u03c3\u03b7\u03c2\" \/>\n\t<meta name=\"twitter:data1\" content=\"3 \u03bb\u03b5\u03c0\u03c4\u03ac\" \/>\n<script type=\"application\/ld+json\" class=\"yoast-schema-graph\">{\"@context\":\"https:\\\/\\\/schema.org\",\"@graph\":[{\"@type\":\"WebPage\",\"@id\":\"https:\\\/\\\/griechischefilmwoche.com\\\/el\\\/gasteighp8\\\/\",\"url\":\"https:\\\/\\\/griechischefilmwoche.com\\\/el\\\/gasteighp8\\\/\",\"name\":\"Gasteig HP8 - Griechische Filmwoche\",\"isPartOf\":{\"@id\":\"https:\\\/\\\/griechischefilmwoche.com\\\/el\\\/#website\"},\"primaryImageOfPage\":{\"@id\":\"https:\\\/\\\/griechischefilmwoche.com\\\/el\\\/gasteighp8\\\/#primaryimage\"},\"image\":{\"@id\":\"https:\\\/\\\/griechischefilmwoche.com\\\/el\\\/gasteighp8\\\/#primaryimage\"},\"thumbnailUrl\":\"https:\\\/\\\/griechischefilmwoche.com\\\/wp-content\\\/uploads\\\/2022\\\/10\\\/video_telos.jpg\",\"datePublished\":\"2022-11-16T16:14:16+00:00\",\"dateModified\":\"2025-10-18T21:32:36+00:00\",\"breadcrumb\":{\"@id\":\"https:\\\/\\\/griechischefilmwoche.com\\\/el\\\/gasteighp8\\\/#breadcrumb\"},\"inLanguage\":\"el\",\"potentialAction\":[{\"@type\":\"ReadAction\",\"target\":[\"https:\\\/\\\/griechischefilmwoche.com\\\/el\\\/gasteighp8\\\/\"]}]},{\"@type\":\"ImageObject\",\"inLanguage\":\"el\",\"@id\":\"https:\\\/\\\/griechischefilmwoche.com\\\/el\\\/gasteighp8\\\/#primaryimage\",\"url\":\"https:\\\/\\\/griechischefilmwoche.com\\\/wp-content\\\/uploads\\\/2022\\\/10\\\/video_telos.jpg\",\"contentUrl\":\"https:\\\/\\\/griechischefilmwoche.com\\\/wp-content\\\/uploads\\\/2022\\\/10\\\/video_telos.jpg\",\"width\":500,\"height\":500},{\"@type\":\"BreadcrumbList\",\"@id\":\"https:\\\/\\\/griechischefilmwoche.com\\\/el\\\/gasteighp8\\\/#breadcrumb\",\"itemListElement\":[{\"@type\":\"ListItem\",\"position\":1,\"name\":\"Home\",\"item\":\"https:\\\/\\\/griechischefilmwoche.com\\\/el\\\/programm2025\\\/\"},{\"@type\":\"ListItem\",\"position\":2,\"name\":\"Gasteig HP8\"}]},{\"@type\":\"WebSite\",\"@id\":\"https:\\\/\\\/griechischefilmwoche.com\\\/el\\\/#website\",\"url\":\"https:\\\/\\\/griechischefilmwoche.com\\\/el\\\/\",\"name\":\"Griechische Filmwoche\",\"description\":\"\",\"potentialAction\":[{\"@type\":\"SearchAction\",\"target\":{\"@type\":\"EntryPoint\",\"urlTemplate\":\"https:\\\/\\\/griechischefilmwoche.com\\\/el\\\/?s={search_term_string}\"},\"query-input\":{\"@type\":\"PropertyValueSpecification\",\"valueRequired\":true,\"valueName\":\"search_term_string\"}}],\"inLanguage\":\"el\"}]}<\/script>\n<!-- \/ Yoast SEO plugin. -->","yoast_head_json":{"title":"Gasteig HP8 - Griechische Filmwoche","robots":{"index":"index","follow":"follow","max-snippet":"max-snippet:-1","max-image-preview":"max-image-preview:large","max-video-preview":"max-video-preview:-1"},"canonical":"https:\/\/griechischefilmwoche.com\/el\/gasteighp8\/","og_locale":"el_GR","og_type":"article","og_title":"Gasteig HP8 - Griechische Filmwoche","og_url":"https:\/\/griechischefilmwoche.com\/el\/gasteighp8\/","og_site_name":"Griechische Filmwoche","article_modified_time":"2025-10-18T21:32:36+00:00","og_image":[{"width":500,"height":500,"url":"https:\/\/griechischefilmwoche.com\/wp-content\/uploads\/2022\/10\/video_telos.jpg","type":"image\/jpeg"}],"twitter_card":"summary_large_image","twitter_misc":{"\u0395\u03ba\u03c4\u03b9\u03bc\u03ce\u03bc\u03b5\u03bd\u03bf\u03c2 \u03c7\u03c1\u03cc\u03bd\u03bf\u03c2 \u03b1\u03bd\u03ac\u03b3\u03bd\u03c9\u03c3\u03b7\u03c2":"3 \u03bb\u03b5\u03c0\u03c4\u03ac"},"schema":{"@context":"https:\/\/schema.org","@graph":[{"@type":"WebPage","@id":"https:\/\/griechischefilmwoche.com\/el\/gasteighp8\/","url":"https:\/\/griechischefilmwoche.com\/el\/gasteighp8\/","name":"Gasteig HP8 - Griechische Filmwoche","isPartOf":{"@id":"https:\/\/griechischefilmwoche.com\/el\/#website"},"primaryImageOfPage":{"@id":"https:\/\/griechischefilmwoche.com\/el\/gasteighp8\/#primaryimage"},"image":{"@id":"https:\/\/griechischefilmwoche.com\/el\/gasteighp8\/#primaryimage"},"thumbnailUrl":"https:\/\/griechischefilmwoche.com\/wp-content\/uploads\/2022\/10\/video_telos.jpg","datePublished":"2022-11-16T16:14:16+00:00","dateModified":"2025-10-18T21:32:36+00:00","breadcrumb":{"@id":"https:\/\/griechischefilmwoche.com\/el\/gasteighp8\/#breadcrumb"},"inLanguage":"el","potentialAction":[{"@type":"ReadAction","target":["https:\/\/griechischefilmwoche.com\/el\/gasteighp8\/"]}]},{"@type":"ImageObject","inLanguage":"el","@id":"https:\/\/griechischefilmwoche.com\/el\/gasteighp8\/#primaryimage","url":"https:\/\/griechischefilmwoche.com\/wp-content\/uploads\/2022\/10\/video_telos.jpg","contentUrl":"https:\/\/griechischefilmwoche.com\/wp-content\/uploads\/2022\/10\/video_telos.jpg","width":500,"height":500},{"@type":"BreadcrumbList","@id":"https:\/\/griechischefilmwoche.com\/el\/gasteighp8\/#breadcrumb","itemListElement":[{"@type":"ListItem","position":1,"name":"Home","item":"https:\/\/griechischefilmwoche.com\/el\/programm2025\/"},{"@type":"ListItem","position":2,"name":"Gasteig HP8"}]},{"@type":"WebSite","@id":"https:\/\/griechischefilmwoche.com\/el\/#website","url":"https:\/\/griechischefilmwoche.com\/el\/","name":"Griechische Filmwoche","description":"","potentialAction":[{"@type":"SearchAction","target":{"@type":"EntryPoint","urlTemplate":"https:\/\/griechischefilmwoche.com\/el\/?s={search_term_string}"},"query-input":{"@type":"PropertyValueSpecification","valueRequired":true,"valueName":"search_term_string"}}],"inLanguage":"el"}]}},"_links":{"self":[{"href":"https:\/\/griechischefilmwoche.com\/el\/wp-json\/wp\/v2\/pages\/3212","targetHints":{"allow":["GET"]}}],"collection":[{"href":"https:\/\/griechischefilmwoche.com\/el\/wp-json\/wp\/v2\/pages"}],"about":[{"href":"https:\/\/griechischefilmwoche.com\/el\/wp-json\/wp\/v2\/types\/page"}],"author":[{"embeddable":true,"href":"https:\/\/griechischefilmwoche.com\/el\/wp-json\/wp\/v2\/users\/4"}],"replies":[{"embeddable":true,"href":"https:\/\/griechischefilmwoche.com\/el\/wp-json\/wp\/v2\/comments?post=3212"}],"version-history":[{"count":6,"href":"https:\/\/griechischefilmwoche.com\/el\/wp-json\/wp\/v2\/pages\/3212\/revisions"}],"predecessor-version":[{"id":7916,"href":"https:\/\/griechischefilmwoche.com\/el\/wp-json\/wp\/v2\/pages\/3212\/revisions\/7916"}],"wp:featuredmedia":[{"embeddable":true,"href":"https:\/\/griechischefilmwoche.com\/el\/wp-json\/wp\/v2\/media\/3121"}],"wp:attachment":[{"href":"https:\/\/griechischefilmwoche.com\/el\/wp-json\/wp\/v2\/media?parent=3212"}],"curies":[{"name":"wp","href":"https:\/\/api.w.org\/{rel}","templated":true}]}}