{"id":4064,"date":"2023-05-03T13:47:17","date_gmt":"2023-05-03T11:47:17","guid":{"rendered":"https:\/\/griechischefilmwoche.com\/gewinnspiel\/"},"modified":"2024-04-19T18:36:26","modified_gmt":"2024-04-19T16:36:26","slug":"gewinnspiel","status":"publish","type":"page","link":"https:\/\/griechischefilmwoche.com\/el\/gewinnspiel\/","title":{"rendered":"Gewinnspiel"},"content":{"rendered":"\n<style type=\"text\/css\" data-created_by=\"avia_inline_auto\" id=\"style-css-av-lh7m86ue-dbd0577e8c0615430d9e067bb69a4a3c\">\n#top .av-special-heading.av-lh7m86ue-dbd0577e8c0615430d9e067bb69a4a3c{\npadding-bottom:10px;\n}\nbody .av-special-heading.av-lh7m86ue-dbd0577e8c0615430d9e067bb69a4a3c .av-special-heading-tag .heading-char{\nfont-size:25px;\n}\n.av-special-heading.av-lh7m86ue-dbd0577e8c0615430d9e067bb69a4a3c .av-subheading{\nfont-size:15px;\n}\n<\/style>\n<div  class='av-special-heading av-lh7m86ue-dbd0577e8c0615430d9e067bb69a4a3c av-special-heading-h3  avia-builder-el-0  el_before_av_one_full  avia-builder-el-first '><h3 class='av-special-heading-tag '  itemprop=\"headline\"  >Gewinnspiele<\/h3><div class=\"special-heading-border\"><div class=\"special-heading-inner-border\"><\/div><\/div><\/div>\n<div  class='flex_column av-3wn3nj-aefc1f510771f0caf5dad5ff9a5e8b50 av_one_full  avia-builder-el-1  el_after_av_heading  el_before_av_textblock  first flex_column_div  '     ><section  class='av_textblock_section av-lh7mi6w6-943fcdaf8c003060d37d0b41acca9d51 '   itemscope=\"itemscope\" itemtype=\"https:\/\/schema.org\/CreativeWork\" ><div class='avia_textblock'  itemprop=\"text\" ><div class=\"group w-full text-gray-800 dark:text-gray-100 border-b border-black\/10 dark:border-gray-900\/50 bg-gray-50 dark:bg-&#091;#444654&#093;\">\n<div class=\"flex p-4 gap-4 text-base md:gap-6 md:max-w-2xl lg:max-w-xl xl:max-w-3xl md:py-6 lg:px-0 m-auto\">\n<div class=\"relative flex w-&#091;calc(100%-50px)&#093; flex-col gap-1 md:gap-3 lg:w-&#091;calc(100%-115px)&#093;\">\n<div class=\"flex flex-grow flex-col gap-3\">\n<div class=\"min-h-&#091;20px&#093; flex flex-col items-start gap-4 whitespace-pre-wrap break-words\">\n<div class=\"markdown prose w-full break-words dark:prose-invert light\">\n<p>Die Griechische Filmwoche M\u00fcnchen veranstaltet regelm\u00e4\u00dfig Gewinnspiele, um Menschen die Chance zu geben, unser Programm und unsere Veranstaltungen kennenzulernen. Wir ver\u00f6ffentlichen unsere Gewinnspiele in der Regel \u00fcber unsere sozialen Netzwerke, um eine optimale Kommunikation mit den Teilnehmern zu gew\u00e4hrleisten. Die Gewinner werden schriftlich benachrichtigt.<\/p>\n<\/div>\n<\/div>\n<\/div>\n<\/div>\n<\/div>\n<\/div>\n<p>Um an den Gewinnspielen teilnehmen zu k\u00f6nnen, ben\u00f6tigen die Teilnehmer in der Regel einen Zugang zu den entsprechenden Plattformen. Wir bitten Sie, sich \u00fcber die geltenden Datenschutzbestimmungen auf diesen Plattformen zu informieren. Sie finden die Bestimmungen f\u00fcr Facebook <a href=\"https:\/\/www.facebook.com\/privacy\/policy\/\">hier<\/a>, f\u00fcr die Plattform YouTube <a href=\"https:\/\/www.youtube.com\/howyoutubeworks\/policies\/community-guidelines\/\">hier<\/a>, f\u00fcr Instagram unter anderem <a href=\"https:\/\/help.instagram.com\/196883487377501\/?helpref=hc_fnav\">hier<\/a> und f\u00fcr Tik-Tok <a href=\"https:\/\/www.tiktok.com\/legal\/page\/us\/privacy-policy\/en\">hier<\/a>.<\/p>\n<div class=\"group w-full text-gray-800 dark:text-gray-100 border-b border-black\/10 dark:border-gray-900\/50 bg-gray-50 dark:bg-&#091;#444654&#093;\">\n<div class=\"flex p-4 gap-4 text-base md:gap-6 md:max-w-2xl lg:max-w-xl xl:max-w-3xl md:py-6 lg:px-0 m-auto\">\n<div class=\"relative flex w-&#091;calc(100%-50px)&#093; flex-col gap-1 md:gap-3 lg:w-&#091;calc(100%-115px)&#093;\">\n<div class=\"flex flex-grow flex-col gap-3\">\n<div class=\"min-h-&#091;20px&#093; flex flex-col items-start gap-4 whitespace-pre-wrap break-words\">\n<div class=\"markdown prose w-full break-words dark:prose-invert light\">\n<p>Auf dieser Seite finden Sie Informationen zu aktuellen Gewinnspielen sowie den entsprechenden Teilnahmebedingungen.<\/p>\n<\/div>\n<\/div>\n<\/div>\n<\/div>\n<\/div>\n<\/div>\n<\/div><\/section><br \/>\n<div  class='hr av-2qpbsv-446aedb5f77843599e08bd1c7c15871b hr-default  avia-builder-el-3  el_after_av_textblock  avia-builder-el-last '><span class='hr-inner '><span class=\"hr-inner-style\"><\/span><\/span><\/div><\/p><\/div>\n<section  class='av_textblock_section av-lh7mvg3n-4addacb60ee79e7daafe248c68b294ba '   itemscope=\"itemscope\" itemtype=\"https:\/\/schema.org\/CreativeWork\" ><div class='avia_textblock'  itemprop=\"text\" ><h1>Gewinnspiel f\u00fcr &#8220;Griechenland oder Der laufende Huhn&#8221; auf Instagram<\/h1>\n<h3>Dieses Gewinnspiel ist beendet \u2013 Teilnehmende wurden informiert<\/h3>\n<p><strong>Teilnahmebedingungen:<\/strong><\/p>\n<h3><strong>1. Veranstalter und Teilnahmeberechtigung<\/strong><\/h3>\n<p>Die Verlosung wird von Cinephile M\u00fcnchen e.V. und Filmwelt Verleih veranstaltet und steht in keiner Verbindung zu Instagram oder anderen Drittanbietern. Teilnahmeberechtigt sind nat\u00fcrliche Personen ab 18 Jahren mit Wohnsitz in Deutschland.<\/p>\n<h3>2. Teilnahmezeitraum<\/h3>\n<p>Die Teilnahme an der Verlosung ist m\u00f6glich ab dem Zeitpunkt der Ver\u00f6ffentlichung des entsprechenden Beitrags auf unserer Webseite und endet am 3. Juli 2023 um 15.30 Uhr (deutscher Uhrzeit).<\/p>\n<h3>3. Teilnahmevoraussetzungen<\/h3>\n<p>Um an der Verlosung teilzunehmen, m\u00fcssen Sie folgende Schritte ausf\u00fchren:<\/p>\n<ul>\n<li>Folgen Sie dem Instagram-Account (@griechischefilmwoche).<\/li>\n<li>Markieren Sie mit einem Herzen (&#8220;Liken&#8221;) den Verlosungsbeitrag auf unserem Instagram-Account.<\/li>\n<li>Markieren Sie eine Person (mit dem @-Zeichen) in den Kommentaren des Verlosungsbeitrags oder schreiben Sie den Vornamen der Person in das Kommentarfeld, mit der Sie den Film &#8220;GRIECHENLAND oder DER LAUFENDE HUHN&#8221; am liebsten ansehen m\u00f6chten.<\/li>\n<\/ul>\n<h3>4. Gewinnerermittlung<\/h3>\n<p>Die Gewinnenden werden per Zufallsprinzip unter allen teilnahmeberechtigten Teilnehmern ermittelt. Es werden insgesamt 3 (drei) Gewinnende \u00a0ausgew\u00e4hlt. Gewinnende erhalten jeweils 2 (zwei) Freikarten, die Sie direkt per Direktnachricht erhalten. Die Freikarte gilt f\u00fcr den Film &#8220;GRIECHENLAND oder Der laufende Huhn&#8221; am 4. Juli 2023 um 20 Uhr im Filmtheater Sendlinger Tor. <strong>Es gibt einen Vor-Ort-Support am 4. Juli 2023 ab 19 Uhr.\u00a0<\/strong><\/p>\n<h3>5. Gewinnbenachrichtigung und -annahme<\/h3>\n<p>Die Gewinnenden werden \u00fcber eine Direktnachricht auf Instagram benachrichtigt. Die Gewinnenden m\u00fcssen innerhalb von 20 Stunden nach Erhalt der Gewinnbenachrichtigung antworten, um ihren Gewinn zu best\u00e4tigen. Andernfalls behalten wir uns das Recht vor, einen Ersatzpersonen auszuw\u00e4hlen. Die Gewinne werden nicht bar ausgezahlt und sind nicht \u00fcbertragbar.<\/p>\n<h3>6. Veranstaltungsort und Anreise<\/h3>\n<p>Der Film &#8220;GRIECHENLAND oder Der laufende Huhn&#8221; wird am 4. Juli 2023 um 20:00 Uhr im Filmtheater Sendlinger Tor in M\u00fcnchen gezeigt. Die Gewinnenden erhalten die Tickets vorab f\u00fcr diese Veranstaltung. <strong>Die Gewinnenden sind f\u00fcr ihre eigene Anreise und eventuelle \u00dcbernachtungskosten verantwortlich.<\/strong><\/p>\n<h3>7. Datenschutz<\/h3>\n<p>Mit der Teilnahme an der Verlosung erkl\u00e4ren Sie sich damit einverstanden, dass Ihre Instagram-Nutzername und Kommentare f\u00fcr die Zwecke der Bekanntgabe der Gewinnenden verwendet werden d\u00fcrfen. Weitere Informationen zum Datenschutz finden Sie in unserer Datenschutzerkl\u00e4rung.<\/p>\n<h3>8. Haftungsausschluss<\/h3>\n<p>F\u00fcr technische St\u00f6rungen, die au\u00dferhalb des Einflussbereichs von Cinephile M\u00fcnchen e.V. liegen, \u00fcbernehmen wir keine Haftung. Der Rechtsweg ist ausgeschlossen.<\/p>\n<h3>9. \u00c4nderungen und Beendigung der Verlosung<\/h3>\n<p>Cinephile M\u00fcnchen e.V. beh\u00e4lt sich das Recht vor, die Verlosung zu \u00e4ndern, anzupassen oder vorzeitig zu beenden, falls unvorhergesehene Umst\u00e4nde eintreten oder eine ordnungsgem\u00e4\u00dfe Durchf\u00fchrung der Verlosung nicht gew\u00e4hrleistet werden kann.<\/p>\n<h3>10. Sonstiges<\/h3>\n<p>Der Rechtsweg ist ausgeschlossen. Es gilt das deutsche Recht. Sollten einzelne Bestimmungen dieser Teilnahmebedingungen unwirksam sein oder werden, bleibt die Wirksamkeit der \u00fcbrigen Bestimmungen hiervon unber\u00fchrt.<\/p>\n<h3>11. Kontakt<\/h3>\n<p>Bei Fragen zur Verlosung k\u00f6nnen Sie uns gerne <a href=\"&#109;&#x61;i&#108;&#x74;o&#x3a;&#x76;&#111;&#x72;s&#116;&#x61;n&#100;&#x40;&#99;&#x69;n&#101;&#x70;h&#105;&#x6c;&#101;&#x6d;&#x75;&#99;&#x2e;d&#101;\">per E-Mail<\/a> oder <a href=\"https:\/\/griechischefilmwoche.com\/el\/epikoinwnia\/\">Kontaktformular<\/a> kontaktieren.<\/p>\n<\/div><\/section>\n<section  class='av_textblock_section av-ljk6jrwt-30c1e2e07b624527fc8101b9e2ffb674 '   itemscope=\"itemscope\" itemtype=\"https:\/\/schema.org\/CreativeWork\" ><div class='avia_textblock'  itemprop=\"text\" ><h1>Gewinnspiel f\u00fcr &#8220;Griechenland oder Der laufende Huhn&#8221; auf Facebook<\/h1>\n<h3>Dieses Gewinnspiel ist beendet \u2013 Teilnehmende wurden informiert<\/h3>\n<p><strong>Teilnahmebedingungen:<\/strong><\/p>\n<h3><strong>1. Veranstalter und Teilnahmeberechtigung<\/strong><\/h3>\n<p>Die Verlosung wird von Cinephile M\u00fcnchen e.V. und Filmwelt Verleih veranstaltet und steht in keiner Verbindung zu Facebook oder anderen Drittanbietern. Teilnahmeberechtigt sind nat\u00fcrliche Personen ab 18 Jahren mit Wohnsitz in Deutschland.<\/p>\n<h3>2. Teilnahmezeitraum<\/h3>\n<p>Die Teilnahme an der Verlosung ist m\u00f6glich ab dem Zeitpunkt der Ver\u00f6ffentlichung des entsprechenden Beitrags auf unserer Webseite und endet am 3. Juli 2023 um 15.30 Uhr (deutscher Uhrzeit).<\/p>\n<h3>3. Teilnahmevoraussetzungen<\/h3>\n<p>Um an der Verlosung teilzunehmen, m\u00fcssen Sie folgende Schritte ausf\u00fchren:<\/p>\n<ul>\n<li>Folgen Sie der Griechischen Filmwoche-Facebook-Seite (@griechischefilmwocheOFFICIAL).<\/li>\n<li>Markieren Sie mit einem &#8220;Gef\u00e4llt Mir&#8221; (&#8220;Liken&#8221;, &#8220;Herz&#8221;, &#8220;Lachen&#8221;, &#8220;B\u00f6se&#8221; usw.) den Verlosungsbeitrag auf unserer Facebook-Seite.<\/li>\n<li>Markieren Sie eine Person (mit dem @-Zeichen) in den Kommentaren des Verlosungsbeitrags oder schreiben Sie den Vornamen der Person in das Kommentarfeld, mit der Sie den Film &#8220;GRIECHENLAND oder DER LAUFENDE HUHN&#8221; am liebsten ansehen m\u00f6chten.<\/li>\n<\/ul>\n<h3>4. Gewinnerermittlung<\/h3>\n<p>Die Gewinnenden werden per Zufallsprinzip unter allen teilnahmeberechtigten Teilnehmern ermittelt. Es werden insgesamt 3 (drei) Gewinnende \u00a0ausgew\u00e4hlt. Gewinnende erhalten jeweils 2 (zwei) Freikarten, die Sie direkt per Direktnachricht erhalten. Die Freikarte gilt f\u00fcr den Film &#8220;GRIECHENLAND oder Der laufende Huhn&#8221; am 4. Juli 2023 um 20 Uhr im Filmtheater Sendlinger Tor. <strong>Es gibt einen Vor-Ort-Support am 4. Juli 2023 ab 19 Uhr.\u00a0<\/strong><\/p>\n<h3>5. Gewinnbenachrichtigung und -annahme<\/h3>\n<p>Die Gewinnenden werden \u00fcber eine Direktnachricht auf Instagram benachrichtigt. Die Gewinnenden m\u00fcssen innerhalb von 20 Stunden nach Erhalt der Gewinnbenachrichtigung antworten, um ihren Gewinn zu best\u00e4tigen. Andernfalls behalten wir uns das Recht vor, einen Ersatzpersonen auszuw\u00e4hlen. Die Gewinne werden nicht bar ausgezahlt und sind nicht \u00fcbertragbar.<\/p>\n<h3>6. Veranstaltungsort und Anreise<\/h3>\n<p>Der Film &#8220;GRIECHENLAND oder Der laufende Huhn&#8221; wird am 4- Juli 2023 um 20:00 Uhr im Filmtheater Sendlinger Tor in M\u00fcnchen gezeigt. Die Gewinnenden erhalten die Tickets vorab f\u00fcr diese Veranstaltung. <strong>Die Gewinnenden sind f\u00fcr ihre eigene Anreise und eventuelle \u00dcbernachtungskosten verantwortlich.<\/strong><\/p>\n<h3>7. Datenschutz<\/h3>\n<p>Mit der Teilnahme an der Verlosung erkl\u00e4ren Sie sich damit einverstanden, dass Ihre Facebook-Nutzername und Kommentare f\u00fcr die Zwecke der Bekanntgabe der Gewinnenden verwendet werden d\u00fcrfen. Weitere Informationen zum Datenschutz finden Sie in unserer Datenschutzerkl\u00e4rung.<\/p>\n<h3>8. Haftungsausschluss<\/h3>\n<p>F\u00fcr technische St\u00f6rungen, die au\u00dferhalb des Einflussbereichs von Cinephile M\u00fcnchen e.V. liegen, \u00fcbernehmen wir keine Haftung. Der Rechtsweg ist ausgeschlossen.<\/p>\n<h3>9. \u00c4nderungen und Beendigung der Verlosung<\/h3>\n<p>Cinephile M\u00fcnchen e.V. beh\u00e4lt sich das Recht vor, die Verlosung zu \u00e4ndern, anzupassen oder vorzeitig zu beenden, falls unvorhergesehene Umst\u00e4nde eintreten oder eine ordnungsgem\u00e4\u00dfe Durchf\u00fchrung der Verlosung nicht gew\u00e4hrleistet werden kann.<\/p>\n<h3>10. Sonstiges<\/h3>\n<p>Der Rechtsweg ist ausgeschlossen. Es gilt das deutsche Recht. Sollten einzelne Bestimmungen dieser Teilnahmebedingungen unwirksam sein oder werden, bleibt die Wirksamkeit der \u00fcbrigen Bestimmungen hiervon unber\u00fchrt.<\/p>\n<h3>11. Kontakt<\/h3>\n<p>Bei Fragen zur Verlosung k\u00f6nnen Sie uns gerne <a href=\"&#x6d;&#x61;&#105;l&#x74;&#x6f;&#x3a;&#118;o&#x72;&#x73;&#x74;&#97;n&#x64;&#x40;&#x63;&#105;n&#x65;&#x70;&#x68;&#105;l&#x65;&#x6d;&#x75;&#99;&#46;&#x64;&#x65;\">per E-Mail<\/a> oder <a href=\"https:\/\/griechischefilmwoche.com\/el\/epikoinwnia\/\">Kontaktformular<\/a> kontaktieren.<\/p>\n<\/div><\/section>\n<section  class='av_textblock_section av-25ssr3-e215ba17ca21da6a357bd5136983aa6a '   itemscope=\"itemscope\" itemtype=\"https:\/\/schema.org\/CreativeWork\" ><div class='avia_textblock'  itemprop=\"text\" ><h1>Gewinnspiel f\u00fcr &#8220;Kristos &#8211; The Last Child&#8221;<\/h1>\n<h3>Dieses Gewinnspiel ist beendet &#8211; Teilnehmende wurden informiert<\/h3>\n<p><strong>Teilnahmebedingungen:<\/strong><\/p>\n<h3><strong>1. Veranstalter und Teilnahmeberechtigung<\/strong><\/h3>\n<p>Die Verlosung wird von Dok.Fest M\u00fcnchen und Cinephile M\u00fcnchen e.V. veranstaltet und steht in keiner Verbindung zu Instagram oder anderen Drittanbietern. Teilnahmeberechtigt sind nat\u00fcrliche Personen ab 18 Jahren mit Wohnsitz in Deutschland.<\/p>\n<h3>2. Teilnahmezeitraum<\/h3>\n<p>Die Teilnahme an der Verlosung ist m\u00f6glich ab dem Zeitpunkt der Ver\u00f6ffentlichung des entsprechenden Beitrags auf unserer Webseite und endet am 11. Mai um 20 Uhr (deutscher Uhrzeit).<\/p>\n<h3>3. Teilnahmevoraussetzungen<\/h3>\n<p>Um an der Verlosung teilzunehmen, m\u00fcssen Sie folgende Schritte ausf\u00fchren:<\/p>\n<ul>\n<li>Folgen Sie dem Instagram-Account (@griechischefilmwoche).<\/li>\n<li>Folgen Sie der Seite des @dokfest auf Instagram.<\/li>\n<li>Markieren Sie mit einem Herzen (&#8220;Liken&#8221;) den Verlosungsbeitrag auf unserem Instagram-Account.<\/li>\n<li>Markieren Sie eine Person (mit dem @-Zeichen) in den Kommentaren des Verlosungsbeitrags, mit der Sie den Film &#8220;KRISTOS, THE LAST CHILD&#8221; am liebsten ansehen m\u00f6chten.<\/li>\n<\/ul>\n<h3>4. Gewinnerermittlung<\/h3>\n<p>Die Gewinnenden werden per Zufallsprinzip unter allen teilnahmeberechtigten Teilnehmern ermittelt. Es werden insgesamt 3 (drei) Gewinnende \u00a0ausgew\u00e4hlt. Gewinnende erhalten jeweils 2 (zwei) Gutschein-Codes, die Sie f\u00fcr Eintrittskarten f\u00fcr den Film <strong>&#8220;<a href=\"https:\/\/griechischefilmwoche.com\/el\/movie\/kristos-the-last-child\/\">KRISTOS, THE LAST CHILD<\/a>&#8221; am 14. Mai um 18 Uhr im Amerikahaus <\/strong>einl\u00f6sen k\u00f6nnen. Die Gutschein-Codes werden entweder per Privatnachricht, per E-Mail oder per SMS verschickt. <strong>Es gibt keinen Vor-Ort-Support.\u00a0<\/strong><\/p>\n<h3>5. Gewinnbenachrichtigung und -annahme<\/h3>\n<p>Die Gewinnenden werden \u00fcber eine Direktnachricht auf Instagram benachrichtigt. Die Gewinnenden m\u00fcssen innerhalb von 26 Stunden nach Erhalt der Gewinnbenachrichtigung antworten, um ihren Gewinn zu best\u00e4tigen. Andernfalls behalten wir uns das Recht vor, einen Ersatzpersonen auszuw\u00e4hlen. Die Gewinne werden nicht bar ausgezahlt und sind nicht \u00fcbertragbar.<\/p>\n<h3>6. Veranstaltungsort und Anreise<\/h3>\n<p>Der Film &#8220;KRISTOS, THE LAST CHILD&#8221; wird am 14. Mai 2023 um 18:00 Uhr im Amerikahaus in M\u00fcnchen gezeigt. Die Gewinnenden erhalten die Tickets vorab f\u00fcr diese Veranstaltung. Die Gewinnenden sind f\u00fcr ihre eigene Anreise und eventuelle \u00dcbernachtungskosten verantwortlich.<\/p>\n<h3>7. Datenschutz<\/h3>\n<p>Mit der Teilnahme an der Verlosung erkl\u00e4ren Sie sich damit einverstanden, dass Ihre Instagram-Nutzername und Kommentare f\u00fcr die Zwecke der Bekanntgabe der Gewinnenden verwendet werden d\u00fcrfen. Weitere Informationen zum Datenschutz finden Sie in unserer Datenschutzerkl\u00e4rung.<\/p>\n<h3>8. Haftungsausschluss<\/h3>\n<p>F\u00fcr technische St\u00f6rungen, die au\u00dferhalb des Einflussbereichs von Cinephile M\u00fcnchen e.V. liegen, \u00fcbernehmen wir keine Haftung. Der Rechtsweg ist ausgeschlossen.<\/p>\n<h3>9. \u00c4nderungen und Beendigung der Verlosung<\/h3>\n<p>Cinephile M\u00fcnchen e.V. beh\u00e4lt sich das Recht vor, die Verlosung zu \u00e4ndern, anzupassen oder vorzeitig zu beenden, falls unvorhergesehene Umst\u00e4nde eintreten oder eine ordnungsgem\u00e4\u00dfe Durchf\u00fchrung der Verlosung nicht gew\u00e4hrleistet werden kann.<\/p>\n<h3>10. Sonstiges<\/h3>\n<p>Der Rechtsweg ist ausgeschlossen. Es gilt das deutsche Recht. Sollten einzelne Bestimmungen dieser Teilnahmebedingungen unwirksam sein oder werden, bleibt die Wirksamkeit der \u00fcbrigen Bestimmungen hiervon unber\u00fchrt.<\/p>\n<h3>11. Kontakt<\/h3>\n<p>Bei Fragen zur Verlosung k\u00f6nnen Sie uns gerne <a href=\"ma&#105;&#108;&#116;&#111;&#x3a;&#x76;&#x6f;&#x72;&#x73;ta&#110;&#100;&#64;&#99;&#x69;&#x6e;&#x65;&#x70;&#x68;il&#101;&#109;&#117;&#99;&#x2e;&#x64;&#x65;\">per E-Mail<\/a> oder <a href=\"https:\/\/griechischefilmwoche.com\/el\/epikoinwnia\/\">Kontaktformular<\/a> kontaktieren.<\/p>\n<\/div><\/section>\n","protected":false},"excerpt":{"rendered":"","protected":false},"author":4,"featured_media":3319,"parent":0,"menu_order":0,"comment_status":"closed","ping_status":"closed","template":"","meta":{"footnotes":""},"class_list":["post-4064","page","type-page","status-publish","has-post-thumbnail","hentry"],"yoast_head":"<!-- This site is optimized with the Yoast SEO plugin v27.5 - https:\/\/yoast.com\/product\/yoast-seo-wordpress\/ -->\n<title>Gewinnspiel - Griechische Filmwoche<\/title>\n<meta name=\"robots\" content=\"index, follow, max-snippet:-1, max-image-preview:large, max-video-preview:-1\" \/>\n<link rel=\"canonical\" href=\"https:\/\/griechischefilmwoche.com\/el\/gewinnspiel\/\" \/>\n<meta property=\"og:locale\" content=\"el_GR\" \/>\n<meta property=\"og:type\" content=\"article\" \/>\n<meta property=\"og:title\" content=\"Gewinnspiel - Griechische Filmwoche\" \/>\n<meta property=\"og:url\" content=\"https:\/\/griechischefilmwoche.com\/el\/gewinnspiel\/\" \/>\n<meta property=\"og:site_name\" content=\"Griechische Filmwoche\" \/>\n<meta property=\"article:modified_time\" content=\"2024-04-19T16:36:26+00:00\" \/>\n<meta property=\"og:image\" content=\"https:\/\/griechischefilmwoche.com\/wp-content\/uploads\/2023\/03\/LOGO_GFW.png\" \/>\n\t<meta property=\"og:image:width\" content=\"1721\" \/>\n\t<meta property=\"og:image:height\" content=\"856\" \/>\n\t<meta property=\"og:image:type\" content=\"image\/png\" \/>\n<meta name=\"twitter:card\" content=\"summary_large_image\" \/>\n<meta name=\"twitter:label1\" content=\"\u0395\u03ba\u03c4\u03b9\u03bc\u03ce\u03bc\u03b5\u03bd\u03bf\u03c2 \u03c7\u03c1\u03cc\u03bd\u03bf\u03c2 \u03b1\u03bd\u03ac\u03b3\u03bd\u03c9\u03c3\u03b7\u03c2\" \/>\n\t<meta name=\"twitter:data1\" content=\"5 \u03bb\u03b5\u03c0\u03c4\u03ac\" \/>\n<script type=\"application\/ld+json\" class=\"yoast-schema-graph\">{\"@context\":\"https:\\\/\\\/schema.org\",\"@graph\":[{\"@type\":\"WebPage\",\"@id\":\"https:\\\/\\\/griechischefilmwoche.com\\\/el\\\/gewinnspiel\\\/\",\"url\":\"https:\\\/\\\/griechischefilmwoche.com\\\/el\\\/gewinnspiel\\\/\",\"name\":\"Gewinnspiel - Griechische Filmwoche\",\"isPartOf\":{\"@id\":\"https:\\\/\\\/griechischefilmwoche.com\\\/el\\\/#website\"},\"primaryImageOfPage\":{\"@id\":\"https:\\\/\\\/griechischefilmwoche.com\\\/el\\\/gewinnspiel\\\/#primaryimage\"},\"image\":{\"@id\":\"https:\\\/\\\/griechischefilmwoche.com\\\/el\\\/gewinnspiel\\\/#primaryimage\"},\"thumbnailUrl\":\"https:\\\/\\\/griechischefilmwoche.com\\\/wp-content\\\/uploads\\\/2023\\\/03\\\/LOGO_GFW.png\",\"datePublished\":\"2023-05-03T11:47:17+00:00\",\"dateModified\":\"2024-04-19T16:36:26+00:00\",\"breadcrumb\":{\"@id\":\"https:\\\/\\\/griechischefilmwoche.com\\\/el\\\/gewinnspiel\\\/#breadcrumb\"},\"inLanguage\":\"el\",\"potentialAction\":[{\"@type\":\"ReadAction\",\"target\":[\"https:\\\/\\\/griechischefilmwoche.com\\\/el\\\/gewinnspiel\\\/\"]}]},{\"@type\":\"ImageObject\",\"inLanguage\":\"el\",\"@id\":\"https:\\\/\\\/griechischefilmwoche.com\\\/el\\\/gewinnspiel\\\/#primaryimage\",\"url\":\"https:\\\/\\\/griechischefilmwoche.com\\\/wp-content\\\/uploads\\\/2023\\\/03\\\/LOGO_GFW.png\",\"contentUrl\":\"https:\\\/\\\/griechischefilmwoche.com\\\/wp-content\\\/uploads\\\/2023\\\/03\\\/LOGO_GFW.png\",\"width\":1721,\"height\":856},{\"@type\":\"BreadcrumbList\",\"@id\":\"https:\\\/\\\/griechischefilmwoche.com\\\/el\\\/gewinnspiel\\\/#breadcrumb\",\"itemListElement\":[{\"@type\":\"ListItem\",\"position\":1,\"name\":\"Home\",\"item\":\"https:\\\/\\\/griechischefilmwoche.com\\\/el\\\/programm2025\\\/\"},{\"@type\":\"ListItem\",\"position\":2,\"name\":\"Gewinnspiel\"}]},{\"@type\":\"WebSite\",\"@id\":\"https:\\\/\\\/griechischefilmwoche.com\\\/el\\\/#website\",\"url\":\"https:\\\/\\\/griechischefilmwoche.com\\\/el\\\/\",\"name\":\"Griechische Filmwoche\",\"description\":\"\",\"potentialAction\":[{\"@type\":\"SearchAction\",\"target\":{\"@type\":\"EntryPoint\",\"urlTemplate\":\"https:\\\/\\\/griechischefilmwoche.com\\\/el\\\/?s={search_term_string}\"},\"query-input\":{\"@type\":\"PropertyValueSpecification\",\"valueRequired\":true,\"valueName\":\"search_term_string\"}}],\"inLanguage\":\"el\"}]}<\/script>\n<!-- \/ Yoast SEO plugin. -->","yoast_head_json":{"title":"Gewinnspiel - Griechische Filmwoche","robots":{"index":"index","follow":"follow","max-snippet":"max-snippet:-1","max-image-preview":"max-image-preview:large","max-video-preview":"max-video-preview:-1"},"canonical":"https:\/\/griechischefilmwoche.com\/el\/gewinnspiel\/","og_locale":"el_GR","og_type":"article","og_title":"Gewinnspiel - Griechische Filmwoche","og_url":"https:\/\/griechischefilmwoche.com\/el\/gewinnspiel\/","og_site_name":"Griechische Filmwoche","article_modified_time":"2024-04-19T16:36:26+00:00","og_image":[{"width":1721,"height":856,"url":"https:\/\/griechischefilmwoche.com\/wp-content\/uploads\/2023\/03\/LOGO_GFW.png","type":"image\/png"}],"twitter_card":"summary_large_image","twitter_misc":{"\u0395\u03ba\u03c4\u03b9\u03bc\u03ce\u03bc\u03b5\u03bd\u03bf\u03c2 \u03c7\u03c1\u03cc\u03bd\u03bf\u03c2 \u03b1\u03bd\u03ac\u03b3\u03bd\u03c9\u03c3\u03b7\u03c2":"5 \u03bb\u03b5\u03c0\u03c4\u03ac"},"schema":{"@context":"https:\/\/schema.org","@graph":[{"@type":"WebPage","@id":"https:\/\/griechischefilmwoche.com\/el\/gewinnspiel\/","url":"https:\/\/griechischefilmwoche.com\/el\/gewinnspiel\/","name":"Gewinnspiel - Griechische Filmwoche","isPartOf":{"@id":"https:\/\/griechischefilmwoche.com\/el\/#website"},"primaryImageOfPage":{"@id":"https:\/\/griechischefilmwoche.com\/el\/gewinnspiel\/#primaryimage"},"image":{"@id":"https:\/\/griechischefilmwoche.com\/el\/gewinnspiel\/#primaryimage"},"thumbnailUrl":"https:\/\/griechischefilmwoche.com\/wp-content\/uploads\/2023\/03\/LOGO_GFW.png","datePublished":"2023-05-03T11:47:17+00:00","dateModified":"2024-04-19T16:36:26+00:00","breadcrumb":{"@id":"https:\/\/griechischefilmwoche.com\/el\/gewinnspiel\/#breadcrumb"},"inLanguage":"el","potentialAction":[{"@type":"ReadAction","target":["https:\/\/griechischefilmwoche.com\/el\/gewinnspiel\/"]}]},{"@type":"ImageObject","inLanguage":"el","@id":"https:\/\/griechischefilmwoche.com\/el\/gewinnspiel\/#primaryimage","url":"https:\/\/griechischefilmwoche.com\/wp-content\/uploads\/2023\/03\/LOGO_GFW.png","contentUrl":"https:\/\/griechischefilmwoche.com\/wp-content\/uploads\/2023\/03\/LOGO_GFW.png","width":1721,"height":856},{"@type":"BreadcrumbList","@id":"https:\/\/griechischefilmwoche.com\/el\/gewinnspiel\/#breadcrumb","itemListElement":[{"@type":"ListItem","position":1,"name":"Home","item":"https:\/\/griechischefilmwoche.com\/el\/programm2025\/"},{"@type":"ListItem","position":2,"name":"Gewinnspiel"}]},{"@type":"WebSite","@id":"https:\/\/griechischefilmwoche.com\/el\/#website","url":"https:\/\/griechischefilmwoche.com\/el\/","name":"Griechische Filmwoche","description":"","potentialAction":[{"@type":"SearchAction","target":{"@type":"EntryPoint","urlTemplate":"https:\/\/griechischefilmwoche.com\/el\/?s={search_term_string}"},"query-input":{"@type":"PropertyValueSpecification","valueRequired":true,"valueName":"search_term_string"}}],"inLanguage":"el"}]}},"_links":{"self":[{"href":"https:\/\/griechischefilmwoche.com\/el\/wp-json\/wp\/v2\/pages\/4064","targetHints":{"allow":["GET"]}}],"collection":[{"href":"https:\/\/griechischefilmwoche.com\/el\/wp-json\/wp\/v2\/pages"}],"about":[{"href":"https:\/\/griechischefilmwoche.com\/el\/wp-json\/wp\/v2\/types\/page"}],"author":[{"embeddable":true,"href":"https:\/\/griechischefilmwoche.com\/el\/wp-json\/wp\/v2\/users\/4"}],"replies":[{"embeddable":true,"href":"https:\/\/griechischefilmwoche.com\/el\/wp-json\/wp\/v2\/comments?post=4064"}],"version-history":[{"count":0,"href":"https:\/\/griechischefilmwoche.com\/el\/wp-json\/wp\/v2\/pages\/4064\/revisions"}],"wp:featuredmedia":[{"embeddable":true,"href":"https:\/\/griechischefilmwoche.com\/el\/wp-json\/wp\/v2\/media\/3319"}],"wp:attachment":[{"href":"https:\/\/griechischefilmwoche.com\/el\/wp-json\/wp\/v2\/media?parent=4064"}],"curies":[{"name":"wp","href":"https:\/\/api.w.org\/{rel}","templated":true}]}}